{"id":366,"date":"2012-09-20T12:49:49","date_gmt":"2012-09-20T10:49:49","guid":{"rendered":"http:\/\/www.realschule-hackenbroich.de\/wp\/?page_id=366"},"modified":"2025-11-30T23:10:10","modified_gmt":"2025-11-30T22:10:10","slug":"betriebspraktikum","status":"publish","type":"page","link":"https:\/\/www.realschule-hackenbroich.de\/wp\/betriebspraktikum\/","title":{"rendered":"Betriebspraktikum"},"content":{"rendered":"<p>Infos zum Betriebspraktikum k\u00f6nnen durch Klicken auf die einzelnen Links heruntergeladen werden:<\/p>\n<p><a href=\"https:\/\/www.realschule-hackenbroich.de\/wp\/wp-content\/uploads\/Elternbrief_2526.pdf\" target=\"_blank\" rel=\"noopener noreferrer\">Elternbrief Praktikum 2025\/26<\/a><\/p>\n<p><a href=\"https:\/\/www.realschule-hackenbroich.de\/wp\/wp-content\/uploads\/Praktikumsbogen_2526.pdf\" target=\"_blank\" rel=\"noopener noreferrer\">Praktikumsbogen 1.12.25 &#8211; 19.12.25<\/a><\/p>\n<p><a href=\"https:\/\/www.realschule-hackenbroich.de\/wp\/wp-content\/uploads\/Praktikumstagebuch.pdf\" target=\"_blank\" rel=\"noopener noreferrer\">Praktikumstagebuch<\/a><\/p>\n<p><a href=\"https:\/\/www.realschule-hackenbroich.de\/wp\/wp-content\/uploads\/2012\/09\/Hinweise_zum_Praktikum_Einzugsgebiete.pdf\" target=\"_blank\" rel=\"noopener noreferrer\">Hinweise zum Praktikum: Einzugsgebiete<\/a><\/p>\n<p><a href=\"https:\/\/www.realschule-hackenbroich.de\/wp\/wp-content\/uploads\/Liste_Praktikumsstellen_Alphabetisch_Tabelle_25.pdf\" target=\"_blank\" rel=\"noopener noreferrer\">Liste m\u00f6glicher Praktikumsstellen<\/a><\/p>\n<p><a href=\"https:\/\/www.realschule-hackenbroich.de\/wp\/wp-content\/uploads\/Bewertungsbogen_2019.pdf\" target=\"_blank\" rel=\"noopener noreferrer\">Bewertungsbogen f\u00fcr Sch\u00fclerpraktikanten<\/a><\/p>\n<p><a href=\"https:\/\/termin.rhein-kreis-neuss.de\/belehrungen\/downloads.html\" target=\"_blank\" rel=\"noopener noreferrer\">Lebensmittelbelehrung<\/a><\/p>\n<p>&nbsp;<\/p>\n","protected":false},"excerpt":{"rendered":"<p>Infos zum Betriebspraktikum k\u00f6nnen durch Klicken auf die einzelnen Links heruntergeladen werden: Elternbrief Praktikum 2025\/26 Praktikumsbogen 1.12.25 &#8211; 19.12.25 Praktikumstagebuch Hinweise zum Praktikum: Einzugsgebiete Liste m\u00f6glicher Praktikumsstellen Bewertungsbogen f\u00fcr Sch\u00fclerpraktikanten Lebensmittelbelehrung &nbsp;<\/p>\n","protected":false},"author":5,"featured_media":0,"parent":0,"menu_order":0,"comment_status":"closed","ping_status":"closed","template":"","meta":{"footnotes":""},"class_list":["post-366","page","type-page","status-publish","hentry"],"_links":{"self":[{"href":"https:\/\/www.realschule-hackenbroich.de\/wp\/wp-json\/wp\/v2\/pages\/366","targetHints":{"allow":["GET"]}}],"collection":[{"href":"https:\/\/www.realschule-hackenbroich.de\/wp\/wp-json\/wp\/v2\/pages"}],"about":[{"href":"https:\/\/www.realschule-hackenbroich.de\/wp\/wp-json\/wp\/v2\/types\/page"}],"author":[{"embeddable":true,"href":"https:\/\/www.realschule-hackenbroich.de\/wp\/wp-json\/wp\/v2\/users\/5"}],"replies":[{"embeddable":true,"href":"https:\/\/www.realschule-hackenbroich.de\/wp\/wp-json\/wp\/v2\/comments?post=366"}],"version-history":[{"count":40,"href":"https:\/\/www.realschule-hackenbroich.de\/wp\/wp-json\/wp\/v2\/pages\/366\/revisions"}],"predecessor-version":[{"id":18754,"href":"https:\/\/www.realschule-hackenbroich.de\/wp\/wp-json\/wp\/v2\/pages\/366\/revisions\/18754"}],"wp:attachment":[{"href":"https:\/\/www.realschule-hackenbroich.de\/wp\/wp-json\/wp\/v2\/media?parent=366"}],"curies":[{"name":"wp","href":"https:\/\/api.w.org\/{rel}","templated":true}]}}